{"id":492,"date":"2021-08-20T08:26:53","date_gmt":"2021-08-20T06:26:53","guid":{"rendered":"http:\/\/84.247.11.47\/avalex\/?page_id=492"},"modified":"2024-05-27T16:18:38","modified_gmt":"2024-05-27T14:18:38","slug":"werkzaamheden","status":"publish","type":"page","link":"http:\/\/84.247.11.47\/avalex\/werkzaamheden\/","title":{"rendered":"Werkzaamheden wijkcontainers"},"content":{"rendered":"\n<div class=\"wp-block-columns\">\n<div class=\"wp-block-column\" style=\"flex-basis:50%\">\n<div class=\"wp-block-group\"><div class=\"wp-block-group__inner-container\">\n<p>Hieronder zie je op welke locaties er de komende tijd wijkcontainers worden geplaatst, gewijzigd of  onderhouden. Klik <a href=\"https:\/\/www.avalex.nl\/kalender\/\">hier<\/a> voor een overzicht van alle wijkcontainers.   <\/p>\n<\/div><\/div>\n<\/div>\n<\/div>\n\n\n\n<table id=\"tablepress-1\" class=\"tablepress tablepress-id-1\">\n<thead>\n<tr class=\"row-1 odd\">\n\t<th class=\"column-1\">Plaats:<\/th><th class=\"column-2\">Straat:<\/th><th class=\"column-3\">Wat gaan we doen?<\/th><th class=\"column-4\">Soorten grondstoffen:<\/th><th class=\"column-5\">Week:<\/th>\n<\/tr>\n<\/thead>\n<tbody class=\"row-hover\">\n<tr class=\"row-2 even\">\n\t<td class=\"column-1\">Rijswijk<\/td><td class=\"column-2\">C.T. Storklaan 10<\/td><td class=\"column-3\">Nieuwe locatie<\/td><td class=\"column-4\">Restafval, GFT, oud papier en karton<\/td><td class=\"column-5\">3<\/td>\n<\/tr>\n<tr class=\"row-3 odd\">\n\t<td class=\"column-1\">Nootdorp<\/td><td class=\"column-2\">Zuster Gerarduslaan 9<\/td><td class=\"column-3\">Nieuwe locatie<\/td><td class=\"column-4\">Restafval, GFT, PMD, oud papier en karton<\/td><td class=\"column-5\">3<\/td>\n<\/tr>\n<tr class=\"row-4 even\">\n\t<td class=\"column-1\">Nootdorp<\/td><td class=\"column-2\">Zuster Gerarduslaan 9<\/td><td class=\"column-3\">Opheffen oude locatie<\/td><td class=\"column-4\">-<\/td><td class=\"column-5\">3<\/td>\n<\/tr>\n<tr class=\"row-5 odd\">\n\t<td class=\"column-1\">Nootdorp<\/td><td class=\"column-2\">Zuster Gerarduslaan 44<\/td><td class=\"column-3\">Opheffen locatie<\/td><td class=\"column-4\">-<\/td><td class=\"column-5\">3<\/td>\n<\/tr>\n<tr class=\"row-6 even\">\n\t<td class=\"column-1\">Delft<\/td><td class=\"column-2\">Engelsestraat 145<\/td><td class=\"column-3\">Nieuwe locatie<\/td><td class=\"column-4\">Glas en textiel<\/td><td class=\"column-5\">3<\/td>\n<\/tr>\n<tr class=\"row-7 odd\">\n\t<td class=\"column-1\">Delft<\/td><td class=\"column-2\">Bieslandsekade 13<\/td><td class=\"column-3\">Uitbreiden locatie <\/td><td class=\"column-4\">Restafval, GFT, PMD, oud papier en karton<\/td><td class=\"column-5\">3<\/td>\n<\/tr>\n<tr class=\"row-8 even\">\n\t<td class=\"column-1\">Delft<\/td><td class=\"column-2\">Van Assendelftstraat 68<\/td><td class=\"column-3\">Opheffen locatie<\/td><td class=\"column-4\">-<\/td><td class=\"column-5\">3<\/td>\n<\/tr>\n<tr class=\"row-9 odd\">\n\t<td class=\"column-1\">Delft<\/td><td class=\"column-2\">Van Kinschotstraat 98<\/td><td class=\"column-3\">Technische wijziging<\/td><td class=\"column-4\">GFT, oud papier en karton<\/td><td class=\"column-5\">4<\/td>\n<\/tr>\n<tr class=\"row-10 even\">\n\t<td class=\"column-1\">Delft<\/td><td class=\"column-2\">De Booijstraat 56<\/td><td class=\"column-3\">Nieuwe locatie<\/td><td class=\"column-4\">Restafval<\/td><td class=\"column-5\">4<\/td>\n<\/tr>\n<tr class=\"row-11 odd\">\n\t<td class=\"column-1\">Delft<\/td><td class=\"column-2\">Piet Heinstraat 82<\/td><td class=\"column-3\">Uitbreiden<\/td><td class=\"column-4\">Restafval, GFT, oud papier en karton<\/td><td class=\"column-5\">5<\/td>\n<\/tr>\n<tr class=\"row-12 even\">\n\t<td class=\"column-1\">Delft<\/td><td class=\"column-2\">Van Lodensteynstraat 83L<\/td><td class=\"column-3\">Opheffen locatie<\/td><td class=\"column-4\">-<\/td><td class=\"column-5\">6<\/td>\n<\/tr>\n<tr class=\"row-13 odd\">\n\t<td class=\"column-1\">Delft<\/td><td class=\"column-2\">Van Lodensteynstraat 1<\/td><td class=\"column-3\">Uitbreiden<\/td><td class=\"column-4\">Restafval, GFT, PMD, oud papier en karton<\/td><td class=\"column-5\">6<\/td>\n<\/tr>\n<tr class=\"row-14 even\">\n\t<td class=\"column-1\">Rijswijk<\/td><td class=\"column-2\">Jacob van der Wielelaan 401<\/td><td class=\"column-3\">Nieuwe locatie<\/td><td class=\"column-4\">Restafval, GFT, oud papier en karton<\/td><td class=\"column-5\">9<\/td>\n<\/tr>\n<tr class=\"row-15 odd\">\n\t<td class=\"column-1\">Rijswijk<\/td><td class=\"column-2\">Doctor Augenstijnlaan 38<\/td><td class=\"column-3\">Opheffen locatie<\/td><td class=\"column-4\">-<\/td><td class=\"column-5\">9<\/td>\n<\/tr>\n<tr class=\"row-16 even\">\n\t<td class=\"column-1\">Rijswijk<\/td><td class=\"column-2\">Minister Talmalaan 69<\/td><td class=\"column-3\">Uitbreiding<\/td><td class=\"column-4\">Restafval, GFT, oud papier en karton<\/td><td class=\"column-5\">9<\/td>\n<\/tr>\n<tr class=\"row-17 odd\">\n\t<td class=\"column-1\">Rijswijk<\/td><td class=\"column-2\">Sparrelaan 28<\/td><td class=\"column-3\">Opheffen locatie<\/td><td class=\"column-4\">-<\/td><td class=\"column-5\">9<\/td>\n<\/tr>\n<tr class=\"row-18 even\">\n\t<td class=\"column-1\">Delft<\/td><td class=\"column-2\">Prunuslaan 53<\/td><td class=\"column-3\">Uitbreiding<\/td><td class=\"column-4\">Restafval, oud papier en karton<\/td><td class=\"column-5\">10<\/td>\n<\/tr>\n<tr class=\"row-19 odd\">\n\t<td class=\"column-1\">Delft<\/td><td class=\"column-2\">Keurenaerstraat 2<\/td><td class=\"column-3\">Uitbreiden<\/td><td class=\"column-4\">Restafval, GFT, PMD, oud papier en karton<\/td><td class=\"column-5\">10<\/td>\n<\/tr>\n<tr class=\"row-20 even\">\n\t<td class=\"column-1\">Delft<\/td><td class=\"column-2\">Lindelaan 2<\/td><td class=\"column-3\">Opheffen locatie<\/td><td class=\"column-4\">-<\/td><td class=\"column-5\">11<\/td>\n<\/tr>\n<tr class=\"row-21 odd\">\n\t<td class=\"column-1\">Delft<\/td><td class=\"column-2\">Tweemolentjeskade 18<\/td><td class=\"column-3\">Nieuwe locatie<\/td><td class=\"column-4\">Restafval, GFT, PMD, oud papier en karton<\/td><td class=\"column-5\">12<\/td>\n<\/tr>\n<tr class=\"row-22 even\">\n\t<td class=\"column-1\">Rijswijk<\/td><td class=\"column-2\">Heemraadstraat 88<\/td><td class=\"column-3\">Nieuwe locatie<\/td><td class=\"column-4\">Restafval, GFT, PMD, oud papier en karton<\/td><td class=\"column-5\">14<\/td>\n<\/tr>\n<\/tbody>\n<\/table>\n<!-- #tablepress-1 from cache -->\n\n\n\n<div class=\"wp-block-media-text alignwide is-stacked-on-mobile is-vertically-aligned-top\" style=\"grid-template-columns:34% auto\"><figure class=\"wp-block-media-text__media\"><img loading=\"lazy\" width=\"731\" height=\"1024\" src=\"http:\/\/84.247.11.47\/avalex\/\/wp-content\/uploads\/2021\/09\/Schermafbeelding-2020-08-10-om-14.11.22-731x1024.png\" alt=\"\" class=\"wp-image-1008 size-large\" srcset=\"http:\/\/84.247.11.47\/avalex\/wp-content\/uploads\/2021\/09\/Schermafbeelding-2020-08-10-om-14.11.22-731x1024.png 731w, http:\/\/84.247.11.47\/avalex\/wp-content\/uploads\/2021\/09\/Schermafbeelding-2020-08-10-om-14.11.22-214x300.png 214w, http:\/\/84.247.11.47\/avalex\/wp-content\/uploads\/2021\/09\/Schermafbeelding-2020-08-10-om-14.11.22-768x1075.png 768w, http:\/\/84.247.11.47\/avalex\/wp-content\/uploads\/2021\/09\/Schermafbeelding-2020-08-10-om-14.11.22-1097x1536.png 1097w, http:\/\/84.247.11.47\/avalex\/wp-content\/uploads\/2021\/09\/Schermafbeelding-2020-08-10-om-14.11.22-1463x2048.png 1463w, http:\/\/84.247.11.47\/avalex\/wp-content\/uploads\/2021\/09\/Schermafbeelding-2020-08-10-om-14.11.22.png 1680w\" sizes=\"(max-width: 731px) 100vw, 731px\" \/><\/figure><div class=\"wp-block-media-text__content\">\n<h2>Wat is een goede plek voor een wijkcontainer?<\/h2>\n\n\n\n<p>Wanneer de gemeente heeft besloten dat er in een bepaalde wijk nieuwe wijkcontainers mogen worden geplaatst, gaan de locatiebeheerders van Avalex op zoek naar geschikte locaties. <\/p>\n\n\n\n<p>Daarbij is het van belang hoeveel huishoudens samen kunnen doen met \u00e9\u00e9n wijkcontainer. Een wijkcontainer voor PMD voorziet 75 huishoudens. Voor een papiercontainer is dat al 250 en \u00e9\u00e9n textielcontainer is goed voor 900 huishoudens!<\/p>\n\n\n\n<p>De locatiebeheerder heeft een overzicht van ondergrondse kabels en leidingen. Daar werken we omheen: de container mag voor de veiligheid niet te dicht bij kabels en leidingen worden geplaatst. Op de locaties zelf worden \u201cproefsleuven\u201d gegraven, om te kijken of het klopt dat er daar geen kabels en leidingen onder de grond liggen. Verder wordt er bodemonderzoek gedaan zodat we het op tijd weten als de grond verontreinigd is. Er wordt ook goed op gelet dat de loopafstand naar de wijkcontainer beperkt blijft en dat de vuilniswagen er goed bij kan.<\/p>\n<\/div><\/div>\n\n\n\n<p><\/p>\n\n\n<div id=\"metaslider-id-1113\" style=\"width: 100%;\" class=\"ml-slider-3-23-5 metaslider metaslider-nivo metaslider-1113 ml-slider\">\n    <div id=\"metaslider_container_1113\">\n        <div class='slider-wrapper theme-default'><div class='ribbon'><\/div><div id='metaslider_1113' class='nivoSlider'><img src=\"http:\/\/84.247.11.47\/avalex\/wp-content\/uploads\/2021\/09\/1.jpg\" height=\"896\" width=\"1200\" data-caption=\"Eerst graaft de ploeg de bestrating uit. Er komt een gat in de grond van 1,5 meter diep.\" title=\"1\" alt=\"\" class=\"slider-1113 slide-1114\" \/><img src=\"http:\/\/84.247.11.47\/avalex\/wp-content\/uploads\/2021\/09\/2-1200x896.jpg\" height=\"896\" width=\"1200\" data-caption=\"In het gat wordt een &ldquo;ingraafmal&rdquo; geplaatst. Dat is een grote stalen bak zonder bodem. In de ingraafmal wordt verder gegraven tot het gat drie meter diep is.\" title=\"2\" alt=\"\" class=\"slider-1113 slide-1115\" \/><img src=\"http:\/\/84.247.11.47\/avalex\/wp-content\/uploads\/2021\/09\/3-1200x896.jpg\" height=\"896\" width=\"1200\" data-caption=\"Een bouwvakker gaat de ingraafmal in om de bodem waterpas te maken. Omdat de ingraafmal er nog in staat, zakken de wanden ondertussen niet in.\" title=\"3\" alt=\"\" class=\"slider-1113 slide-1116\" \/><img src=\"http:\/\/84.247.11.47\/avalex\/wp-content\/uploads\/2021\/09\/4-1200x896.jpg\" height=\"896\" width=\"1200\" data-caption=\"Zodra de bodem netjes recht is wordt de betonbak met de kraan de ingraafmal ingetakeld. De betonbak is 7,5 ton zwaar en zorgt voor stabiliteit. De bak beschermt tegen ongedierte en zorgt dat er straks geen grondwater de container in loopt. Het grondwater staat best hoog. In Delft staat het op een meter diep, en in Midden-Delfland zelfs direct onder de stoeptegels.\" title=\"4\" alt=\"\" class=\"slider-1113 slide-1117\" \/><img src=\"http:\/\/84.247.11.47\/avalex\/wp-content\/uploads\/2021\/09\/5-1200x896.jpg\" height=\"896\" width=\"1200\" data-caption=\"Met de graafmachine wordt de betonbak naar beneden geduwd. Het plaatsen van de containers is echt milimeterwerk. Als het drie millimeter te ver opzij staat, kunnen de tegels niet goed terug worden gelegd!\" title=\"5\" alt=\"\" class=\"slider-1113 slide-1118\" \/><img src=\"http:\/\/84.247.11.47\/avalex\/wp-content\/uploads\/2021\/09\/6-1200x896.jpg\" height=\"896\" width=\"1200\" data-caption=\"Zodra de betonbak staat kan de ingraafmal eruit worden getild. Daarna worden de zijkanten afgevuld met zand. Er komt een beveiligingsschild op het gat, zodat er niemand in kan vallen tijdens het legen van de wijkcontainer. Nu kan de collector erin!\" title=\"6\" alt=\"\" class=\"slider-1113 slide-1119\" \/><img src=\"http:\/\/84.247.11.47\/avalex\/wp-content\/uploads\/2021\/09\/7-1200x896.jpg\" height=\"896\" width=\"1200\" data-caption=\"Nog even checken of alle elektronica goed is aangesloten. Het containernummer wordt opgenomenen in het systeem gezet.\" title=\"7\" alt=\"\" class=\"slider-1113 slide-1120\" \/><img src=\"http:\/\/84.247.11.47\/avalex\/wp-content\/uploads\/2021\/09\/8-1200x896.jpg\" height=\"896\" width=\"1200\" data-caption=\"De straat wordt weer vlakgemaakt en laagje voor laagje &ldquo;aangetrild&rdquo; om de grond goed vast te zetten. Dat is nog een flinke klus. De bestratingsploeg legt alle tegels weer op hun plek.\" title=\"8\" alt=\"\" class=\"slider-1113 slide-1121\" \/><img src=\"http:\/\/84.247.11.47\/avalex\/wp-content\/uploads\/2021\/09\/9-1200x896.jpg\" height=\"896\" width=\"1200\" data-caption=\"De container is klaar voor gebruik!\" title=\"9\" alt=\"\" class=\"slider-1113 slide-1122\" \/><\/div><\/div>\n        \n    <\/div>\n<\/div>\n","protected":false},"excerpt":{"rendered":"<p class=\"excerpt\">Hieronder zie je op welke locaties er de komende tijd wijkcontainers worden geplaatst, gewijzigd of onderhouden. Klik hi&#8230;<\/p>\n","protected":false},"author":3,"featured_media":0,"parent":0,"menu_order":0,"comment_status":"closed","ping_status":"closed","template":"","meta":[],"yoast_head":"<!-- This site is optimized with the Yoast SEO plugin v17.0 - https:\/\/yoast.com\/wordpress\/plugins\/seo\/ -->\n<title>Werkzaamheden wijkcontainers - Avalex<\/title>\n<meta name=\"robots\" content=\"index, follow, max-snippet:-1, max-image-preview:large, max-video-preview:-1\" \/>\n<link rel=\"canonical\" href=\"http:\/\/84.247.11.47\/avalex\/werkzaamheden\/\" \/>\n<meta property=\"og:locale\" content=\"nl_NL\" \/>\n<meta property=\"og:type\" content=\"article\" \/>\n<meta property=\"og:title\" content=\"Werkzaamheden wijkcontainers - Avalex\" \/>\n<meta property=\"og:description\" content=\"Hieronder zie je op welke locaties er de komende tijd wijkcontainers worden geplaatst, gewijzigd of onderhouden. Klik hi...\" \/>\n<meta property=\"og:url\" content=\"http:\/\/84.247.11.47\/avalex\/werkzaamheden\/\" \/>\n<meta property=\"og:site_name\" content=\"Avalex\" \/>\n<meta property=\"article:modified_time\" content=\"2024-05-27T14:18:38+00:00\" \/>\n<meta property=\"og:image\" content=\"http:\/\/84.247.11.47\/avalex\/\/wp-content\/uploads\/2021\/09\/Schermafbeelding-2020-08-10-om-14.11.22-731x1024.png\" \/>\n<meta name=\"twitter:card\" content=\"summary_large_image\" \/>\n<meta name=\"twitter:label1\" content=\"Geschatte leestijd\" \/>\n\t<meta name=\"twitter:data1\" content=\"2 minuten\" \/>\n<script type=\"application\/ld+json\" class=\"yoast-schema-graph\">{\"@context\":\"https:\/\/schema.org\",\"@graph\":[{\"@type\":\"Organization\",\"@id\":\"http:\/\/84.247.11.47\/avalex\/#organization\",\"name\":\"Avalex\",\"url\":\"http:\/\/84.247.11.47\/avalex\/\",\"sameAs\":[],\"logo\":{\"@type\":\"ImageObject\",\"@id\":\"http:\/\/84.247.11.47\/avalex\/#logo\",\"inLanguage\":\"nl\",\"url\":\"http:\/\/84.247.11.47\/avalex\/\/wp-content\/uploads\/2021\/09\/Avalex_logo_zonder-payoff_RGB_Outline_300-x-200.jpg\",\"contentUrl\":\"http:\/\/84.247.11.47\/avalex\/\/wp-content\/uploads\/2021\/09\/Avalex_logo_zonder-payoff_RGB_Outline_300-x-200.jpg\",\"width\":300,\"height\":200,\"caption\":\"Avalex\"},\"image\":{\"@id\":\"http:\/\/84.247.11.47\/avalex\/#logo\"}},{\"@type\":\"WebSite\",\"@id\":\"http:\/\/84.247.11.47\/avalex\/#website\",\"url\":\"http:\/\/84.247.11.47\/avalex\/\",\"name\":\"Avalex\",\"description\":\"Avalex staat voor effectieve, effici\\u00ebnte en klantgerichte uitvoering van de afvalverwijdering en overige reinigingsactiviteiten in opdracht van gemeenten en bedrijven in de regio.\",\"publisher\":{\"@id\":\"http:\/\/84.247.11.47\/avalex\/#organization\"},\"potentialAction\":[{\"@type\":\"SearchAction\",\"target\":{\"@type\":\"EntryPoint\",\"urlTemplate\":\"http:\/\/84.247.11.47\/avalex\/?s={search_term_string}\"},\"query-input\":\"required name=search_term_string\"}],\"inLanguage\":\"nl\"},{\"@type\":\"ImageObject\",\"@id\":\"http:\/\/84.247.11.47\/avalex\/werkzaamheden\/#primaryimage\",\"inLanguage\":\"nl\",\"url\":\"http:\/\/84.247.11.47\/avalex\/\/wp-content\/uploads\/2021\/09\/Schermafbeelding-2020-08-10-om-14.11.22-731x1024.png\",\"contentUrl\":\"http:\/\/84.247.11.47\/avalex\/\/wp-content\/uploads\/2021\/09\/Schermafbeelding-2020-08-10-om-14.11.22-731x1024.png\"},{\"@type\":\"WebPage\",\"@id\":\"http:\/\/84.247.11.47\/avalex\/werkzaamheden\/#webpage\",\"url\":\"http:\/\/84.247.11.47\/avalex\/werkzaamheden\/\",\"name\":\"Werkzaamheden wijkcontainers - Avalex\",\"isPartOf\":{\"@id\":\"http:\/\/84.247.11.47\/avalex\/#website\"},\"primaryImageOfPage\":{\"@id\":\"http:\/\/84.247.11.47\/avalex\/werkzaamheden\/#primaryimage\"},\"datePublished\":\"2021-08-20T06:26:53+00:00\",\"dateModified\":\"2024-05-27T14:18:38+00:00\",\"breadcrumb\":{\"@id\":\"http:\/\/84.247.11.47\/avalex\/werkzaamheden\/#breadcrumb\"},\"inLanguage\":\"nl\",\"potentialAction\":[{\"@type\":\"ReadAction\",\"target\":[\"http:\/\/84.247.11.47\/avalex\/werkzaamheden\/\"]}]},{\"@type\":\"BreadcrumbList\",\"@id\":\"http:\/\/84.247.11.47\/avalex\/werkzaamheden\/#breadcrumb\",\"itemListElement\":[{\"@type\":\"ListItem\",\"position\":1,\"name\":\"Home\",\"item\":\"http:\/\/84.247.11.47\/avalex\/\"},{\"@type\":\"ListItem\",\"position\":2,\"name\":\"Werkzaamheden wijkcontainers\"}]}]}<\/script>\n<!-- \/ Yoast SEO plugin. -->","yoast_head_json":{"title":"Werkzaamheden wijkcontainers - Avalex","robots":{"index":"index","follow":"follow","max-snippet":"max-snippet:-1","max-image-preview":"max-image-preview:large","max-video-preview":"max-video-preview:-1"},"canonical":"http:\/\/84.247.11.47\/avalex\/werkzaamheden\/","og_locale":"nl_NL","og_type":"article","og_title":"Werkzaamheden wijkcontainers - Avalex","og_description":"Hieronder zie je op welke locaties er de komende tijd wijkcontainers worden geplaatst, gewijzigd of onderhouden. Klik hi...","og_url":"http:\/\/84.247.11.47\/avalex\/werkzaamheden\/","og_site_name":"Avalex","article_modified_time":"2024-05-27T14:18:38+00:00","og_image":[{"url":"http:\/\/84.247.11.47\/avalex\/\/wp-content\/uploads\/2021\/09\/Schermafbeelding-2020-08-10-om-14.11.22-731x1024.png"}],"twitter_card":"summary_large_image","twitter_misc":{"Geschatte leestijd":"2 minuten"},"schema":{"@context":"https:\/\/schema.org","@graph":[{"@type":"Organization","@id":"http:\/\/84.247.11.47\/avalex\/#organization","name":"Avalex","url":"http:\/\/84.247.11.47\/avalex\/","sameAs":[],"logo":{"@type":"ImageObject","@id":"http:\/\/84.247.11.47\/avalex\/#logo","inLanguage":"nl","url":"http:\/\/84.247.11.47\/avalex\/\/wp-content\/uploads\/2021\/09\/Avalex_logo_zonder-payoff_RGB_Outline_300-x-200.jpg","contentUrl":"http:\/\/84.247.11.47\/avalex\/\/wp-content\/uploads\/2021\/09\/Avalex_logo_zonder-payoff_RGB_Outline_300-x-200.jpg","width":300,"height":200,"caption":"Avalex"},"image":{"@id":"http:\/\/84.247.11.47\/avalex\/#logo"}},{"@type":"WebSite","@id":"http:\/\/84.247.11.47\/avalex\/#website","url":"http:\/\/84.247.11.47\/avalex\/","name":"Avalex","description":"Avalex staat voor effectieve, effici\u00ebnte en klantgerichte uitvoering van de afvalverwijdering en overige reinigingsactiviteiten in opdracht van gemeenten en bedrijven in de regio.","publisher":{"@id":"http:\/\/84.247.11.47\/avalex\/#organization"},"potentialAction":[{"@type":"SearchAction","target":{"@type":"EntryPoint","urlTemplate":"http:\/\/84.247.11.47\/avalex\/?s={search_term_string}"},"query-input":"required name=search_term_string"}],"inLanguage":"nl"},{"@type":"ImageObject","@id":"http:\/\/84.247.11.47\/avalex\/werkzaamheden\/#primaryimage","inLanguage":"nl","url":"http:\/\/84.247.11.47\/avalex\/\/wp-content\/uploads\/2021\/09\/Schermafbeelding-2020-08-10-om-14.11.22-731x1024.png","contentUrl":"http:\/\/84.247.11.47\/avalex\/\/wp-content\/uploads\/2021\/09\/Schermafbeelding-2020-08-10-om-14.11.22-731x1024.png"},{"@type":"WebPage","@id":"http:\/\/84.247.11.47\/avalex\/werkzaamheden\/#webpage","url":"http:\/\/84.247.11.47\/avalex\/werkzaamheden\/","name":"Werkzaamheden wijkcontainers - Avalex","isPartOf":{"@id":"http:\/\/84.247.11.47\/avalex\/#website"},"primaryImageOfPage":{"@id":"http:\/\/84.247.11.47\/avalex\/werkzaamheden\/#primaryimage"},"datePublished":"2021-08-20T06:26:53+00:00","dateModified":"2024-05-27T14:18:38+00:00","breadcrumb":{"@id":"http:\/\/84.247.11.47\/avalex\/werkzaamheden\/#breadcrumb"},"inLanguage":"nl","potentialAction":[{"@type":"ReadAction","target":["http:\/\/84.247.11.47\/avalex\/werkzaamheden\/"]}]},{"@type":"BreadcrumbList","@id":"http:\/\/84.247.11.47\/avalex\/werkzaamheden\/#breadcrumb","itemListElement":[{"@type":"ListItem","position":1,"name":"Home","item":"http:\/\/84.247.11.47\/avalex\/"},{"@type":"ListItem","position":2,"name":"Werkzaamheden wijkcontainers"}]}]}},"_links":{"self":[{"href":"http:\/\/84.247.11.47\/avalex\/wp-json\/wp\/v2\/pages\/492"}],"collection":[{"href":"http:\/\/84.247.11.47\/avalex\/wp-json\/wp\/v2\/pages"}],"about":[{"href":"http:\/\/84.247.11.47\/avalex\/wp-json\/wp\/v2\/types\/page"}],"author":[{"embeddable":true,"href":"http:\/\/84.247.11.47\/avalex\/wp-json\/wp\/v2\/users\/3"}],"replies":[{"embeddable":true,"href":"http:\/\/84.247.11.47\/avalex\/wp-json\/wp\/v2\/comments?post=492"}],"version-history":[{"count":48,"href":"http:\/\/84.247.11.47\/avalex\/wp-json\/wp\/v2\/pages\/492\/revisions"}],"predecessor-version":[{"id":13631,"href":"http:\/\/84.247.11.47\/avalex\/wp-json\/wp\/v2\/pages\/492\/revisions\/13631"}],"wp:attachment":[{"href":"http:\/\/84.247.11.47\/avalex\/wp-json\/wp\/v2\/media?parent=492"}],"curies":[{"name":"wp","href":"https:\/\/api.w.org\/{rel}","templated":true}]}}