{"id":13218,"date":"2023-09-08T11:02:43","date_gmt":"2023-09-08T09:02:43","guid":{"rendered":"http:\/\/84.247.11.47\/avalex\/\/?page_id=13218"},"modified":"2024-05-28T08:37:07","modified_gmt":"2024-05-28T06:37:07","slug":"alternatief-nootdorp","status":"publish","type":"page","link":"http:\/\/84.247.11.47\/avalex\/alternatief-nootdorp\/","title":{"rendered":"Alternatief Nootdorp"},"content":{"rendered":"\n<p>De milieustraat in Nootdorp is per 1 januari 2024 gesloten. Op deze pagina vind je alternatieven om je grofvuil en klein chemisch afval (KCA) gescheiden aan te kunnen blijven bieden.<\/p>\n\n\n\n<h2>Avalex milieustraten<\/h2>\n\n\n\n<p>Je bent met je (digitale) <a href=\"http:\/\/84.247.11.47\/avalex\/\/avalexpas-aanvragen\/\">Avalexpas<\/a> welkom op al onze locaties. De milieustraten in Rijswijk en Delft zijn vlakbij en hebben ruimere openingstijden:<\/p>\n\n\n\n<p><strong>Rijswijk<\/strong><\/p>\n\n\n\n<p>Laan van &#8216;s-Gravenmade 9, 2495 BD Den Haag<\/p>\n\n\n\n<p>Maandag t\/m zaterdag: 8.00-17.00 uur<\/p>\n\n\n\n<p><strong>Delft<\/strong><\/p>\n\n\n\n<p>Voltaweg 11, 2627 BD Delft<\/p>\n\n\n\n<p>Maandag t\/m zaterdag: 8.00-17.00 uur<\/p>\n\n\n\n<p>Meer informatie vind je op <a href=\"http:\/\/84.247.11.47\/avalex\/\/milieustraten\/\">Openingstijden milieustraten &#8211; Avalex<\/a><\/p>\n\n\n\n<h2>Mobiele milieustraat <\/h2>\n\n\n\n<p>Past je grofvuil en je klein chemisch afval (KCA) in een boodschappentas? Dan biedt de mobiele milieustraat mogelijk ook een uitkomst, naast de gewone Avalex milieustraten waar je altijd welkom bent. Je kan bij deze &#8216;marktwagen&#8217; terecht met hout (zoals een fotolijstje), metalen (zoals een koekenpan), kunststof (zoals een plantenbakje), kleine elektrische apparaten (zoals een f\u00f6hn), KCA (zoals verfblikken en batterijen), frituurvet, oud papier en karton. Let op, de hoeveelheid moet in een grote boodschappentas passen. Grotere spullen kun je met je Avalexpas naar de milieustraat in Rijswijk of Delft brengen. Een bezoek aan de mobiele milieustraat hoef je niet vooraf te reserveren en is gratis.<\/p>\n\n\n\n<p>De mobiele milieustraat staat \u00e9\u00e9n dag per maand in Nootdorp, \u00e9\u00e9n dag per maand in Pijnacker en \u00e9\u00e9n dag in Delfgauw. De datums, locatie en tijdstip in Nootdorp, Pijnacker en Delfgauw zijn:<\/p>\n\n\n\n<div class=\"wp-block-columns\">\n<div class=\"wp-block-column\">\n<p><strong>Nootdorp<\/strong><\/p>\n\n\n\n<p><strong>Markt (nabij tramhalte)<\/strong><\/p>\n\n\n\n<p><strong>08.30 &#8211; 14.00 uur<\/strong><\/p>\n\n\n\n<p>17 jan 2024<\/p>\n\n\n\n<p>21 feb 2024<\/p>\n\n\n\n<p>20 maart 2024<\/p>\n\n\n\n<p>24 april 2024<\/p>\n\n\n\n<p>22 mei 2024<\/p>\n\n\n\n<p>26 juni 2024<\/p>\n\n\n\n<p>24 juli 2024<\/p>\n\n\n\n<p>28 aug 2024<\/p>\n\n\n\n<p>25 sep 2024<\/p>\n\n\n\n<p>23 okt 2024<\/p>\n\n\n\n<p>27 nov 2024<\/p>\n\n\n\n<p>18 dec 2024<\/p>\n<\/div>\n\n\n\n<div class=\"wp-block-column\">\n<p><strong>Pijnacker<\/strong><\/p>\n\n\n\n<p><strong>Raadhuisplein<\/strong><\/p>\n\n\n\n<p><strong>08.30 &#8211; 14.00 uur<\/strong><\/p>\n\n\n\n<p>nvt<\/p>\n\n\n\n<p>7 feb 2024<\/p>\n\n\n\n<p>6 maart 2024<\/p>\n\n\n\n<p>10 april 2024<\/p>\n\n\n\n<p>8 mei 2024<\/p>\n\n\n\n<p>12 juni 2024<\/p>\n\n\n\n<p>10 juli 2024<\/p>\n\n\n\n<p>14 aug 2024<\/p>\n\n\n\n<p>11 sep 2024<\/p>\n\n\n\n<p>9 okt 2024<\/p>\n\n\n\n<p>13 nov 2024<\/p>\n\n\n\n<p>4 dec 2024<\/p>\n<\/div>\n\n\n\n<div class=\"wp-block-column\">\n<p><strong>Delfgauw<\/strong><\/p>\n\n\n\n<p><strong>Gouden Rijderplein<\/strong><\/p>\n\n\n\n<p><strong>08:30 &#8211; 14:00 uur<\/strong><\/p>\n\n\n\n<p>nvt<\/p>\n\n\n\n<p>nvt<\/p>\n\n\n\n<p>19 maart 2024<\/p>\n\n\n\n<p>23 april 2024<\/p>\n\n\n\n<p>nvt<\/p>\n\n\n\n<p>25 juni 2024<\/p>\n\n\n\n<p>23 juli 2024<\/p>\n\n\n\n<p>27 aug 2024<\/p>\n\n\n\n<p>24 sep 2024<\/p>\n\n\n\n<p>22 okt 2024<\/p>\n\n\n\n<p>26 nov 24<\/p>\n\n\n\n<p>17 dec 2024<\/p>\n<\/div>\n\n\n\n<div class=\"wp-block-column\">\n<figure class=\"wp-block-image size-large\"><img loading=\"lazy\" width=\"1024\" height=\"768\" src=\"http:\/\/84.247.11.47\/avalex\/\/wp-content\/uploads\/2023\/09\/Favoriet-1-1024x768.jpg\" alt=\"\" class=\"wp-image-13236\" srcset=\"http:\/\/84.247.11.47\/avalex\/wp-content\/uploads\/2023\/09\/Favoriet-1-1024x768.jpg 1024w, http:\/\/84.247.11.47\/avalex\/wp-content\/uploads\/2023\/09\/Favoriet-1-300x225.jpg 300w, http:\/\/84.247.11.47\/avalex\/wp-content\/uploads\/2023\/09\/Favoriet-1-768x576.jpg 768w, http:\/\/84.247.11.47\/avalex\/wp-content\/uploads\/2023\/09\/Favoriet-1-1536x1152.jpg 1536w, http:\/\/84.247.11.47\/avalex\/wp-content\/uploads\/2023\/09\/Favoriet-1-2048x1536.jpg 2048w, http:\/\/84.247.11.47\/avalex\/wp-content\/uploads\/2023\/09\/Favoriet-1-16x12.jpg 16w\" sizes=\"(max-width: 1024px) 100vw, 1024px\" \/><\/figure>\n<\/div>\n<\/div>\n\n\n\n<h2>Weggooien? Nee joh!<\/h2>\n\n\n\n<p>Wil je verspilling tegen gaan? Je hoeft een kapotte stoel niet meteen weg te gooien. Ga ermee naar een repair caf\u00e9. Of geef je spullen een tweede leven en breng ze naar een kringloopwinkel. Heeft je lamp of telefoon het echt begeven? Lever je klein elektronisch afval in bij een e-waste inleverpunt. Vaak zijn deze te vinden bij supermarkten, Kruidvat- en Blokkerfilialen. Op deze manier draag je bij aan een duurzame samenleving! Hieronder vind je adressen van repair caf\u00e9s, kringloopwinkels en e-waste inleverpunten bij jou in de buurt.<\/p>\n\n\n\n<p><em>Repair caf\u00e9s<\/em>:<\/p>\n\n\n\n<ul><li><a href=\"https:\/\/www.repaircafe.org\/cafe\/repair-cafe-pijnacker-nootdorp\/\">Repair caf\u00e9 Nootdorp<\/a>, Kon. Julianastraat 1<\/li><li><a href=\"https:\/\/repaircafepijnacker.nl\/\">Repair caf\u00e9 Pijnacker<\/a>, De Schakelaar Mr.Dr. van den Helmlaan 11<\/li><\/ul>\n\n\n\n<p><em>Kringloopwinkels<\/em>:<\/p>\n\n\n\n<ul><li><a href=\"https:\/\/wisselbeker.nl\/\">Kringloopwinkel De Wisselbeker Nootdorp<\/a>, Molenweg 4<\/li><li><a href=\"https:\/\/www.terredeshommes.nl\/nl\/onze-winkels\/pijnacker\">Terre des Hommes Pijnacker<\/a>, Emmastraat 24<\/li><li><a href=\"https:\/\/allekringloopwinkels.nl\/zuid-holland\/den-haag\/rataplan-den-haag\">RataPlan Den Haag<\/a> (Ypenburg), Laan van Waalhaven 213a Den Haag<\/li><li><a href=\"https:\/\/www.delft.nl\/kringloopbedrijf\">Kringloopbedrijven in Delft<\/a><\/li><li><a href=\"https:\/\/allekringloopwinkels.nl\/zuid-holland\/rijswijk\">Kringloopbedrijven Rijswijk<\/a><\/li><\/ul>\n\n\n\n<p><em>E-waste inleverpunten<\/em>:<\/p>\n\n\n\n<ul><li>Elektrische apparaten, losse batterijen en accu\u2019s moet je altijd apart inleveren. Dat is veilig en levert waardevolle metalen op. In het algemeen geldt dat winkels waar batterijen en elektrische apparaten gekocht kunnen worden, ook een inleverpunt hebben. Op zoek naar een inleverpunt bij jou in de buurt? Ga op onderstaande website naar \u2018Vind inleverpunt\u2019, vul jouw woonplaats of postcode in, en zie in een oogopslag de dichtstbijzijnde inleverpunten. Ook kun je filteren op het product dat je wilt inleveren: <a href=\"https:\/\/wecycle.nl\/\">Inleveren is terugkrijgen &#8211; Wecycle<\/a><\/li><\/ul>\n\n\n\n<h2>Grofvuilafspraak<\/h2>\n\n\n\n<p>Wij kunnen grofvuil en snoeiafval ook bij je ophalen. Hier zijn kosten en voorwaarden aan verbonden. Klik <a href=\"http:\/\/84.247.11.47\/avalex\/\/wat-te-doen-met-grofvuil\/\">hier<\/a> om de aanbiedregels te lezen en een afspraak te maken.<\/p>\n\n\n\n<h2>Veelgestelde vragen sluiting milieustraat Nootdorp<\/h2>\n\n\n\n<p><strong>Kan ik met mijn Avalexpas ook naar de andere milieustraten van Avalex?<\/strong><\/p>\n\n\n\n<p>Je bent met je Avalexpas van harte welkom op alle milieustraten van Avalex. De meest dichtstbijzijnde milieustraten zijn Rijswijk en Delft. Deze milieustraten hebben ruimere openingstijden. De locaties en openingstijden vind je hier: <a href=\"http:\/\/84.247.11.47\/avalex\/\/milieustraten\/\">openingstijden milieustraten<\/a>. Hier vind je ook informatie over wat je naar de milieustraat kunt brengen en voor welk grofvuil <a href=\"http:\/\/84.247.11.47\/avalex\/\/wp-content\/uploads\/2023\/02\/Tarieven-Milieustraten-Avalex-2023.pdf\">betaald<\/a> moet worden (PIN betaling).<\/p>\n\n\n\n<p><strong>De milieustraten in Rijswijk en Delft zijn voor mij te ver weg. Help!<\/strong><\/p>\n\n\n\n<p>Past je grofvuil en je klein chemisch afval (KCA) in een boodschappentas? Dan biedt de mobiele milieustraat volgend jaar mogelijk ook een uitkomst, naast de gewone Avalex milieustraten waar je altijd welkom bent. Een bezoek aan deze &#8216;marktwagen&#8217; hoef je niet vooraf te reserveren en is gratis. De mobiele milieustraat komt \u00e9\u00e9n dag per maand in Nootdorp en \u00e9\u00e9n dag per maand in Pijnacker. De datums, locatie en tijdstip vind je bovenaan deze pagina.   <\/p>\n\n\n\n<p><strong>Wat is de mobiele milieustraat?<\/strong><\/p>\n\n\n\n<p>De mobiele milieustraat is een verplaatsbare \u2018marktwagen\u2019. Je kan bij deze &#8216;marktwagen&#8217; terecht met hout (zoals een fotolijstje), metalen (zoals een koekenpan), kunststof (zoals een plantenbakje), kleine elektrische apparaten (zoals een f\u00f6hn), KCA (zoals verfblikken en batterijen), frituurvet, oud papier en karton. Let op, de hoeveelheid moet in een grote boodschappentas passen. Grotere spullen horen thuis op de milieustraat in Rijswijk en Delft. Een bezoek aan de mobiele milieustraat hoef je niet vooraf te reserveren en is gratis. De mobiele milieustraat komt \u00e9\u00e9n dag per maand in Nootdorp en \u00e9\u00e9n dag per maand in Pijnacker. De datums, locatie en tijdstip vind je bovenaan deze pagina.<\/p>\n\n\n\n<p><strong>Is de mobiele milieustraat gratis?<\/strong><\/p>\n\n\n\n<p>Ja, het klein grofvuil dat je bij de mobiele milieustraat kunt aanbieden valt niet in een categorie die betaald moet worden. <\/p>\n\n\n\n<p><strong>Moet ik reserveren bij de mobiele milieustraat?<\/strong><\/p>\n\n\n\n<p>Nee, dan hoeft niet.<\/p>\n\n\n\n<p><strong>Waar kan ik terecht als ik mijn spullen een tweede leven wil geven?<\/strong><\/p>\n\n\n\n<p>In Nootdorp en Pijnacker eo zijn verschillende repair caf\u00e9s, kringloopwinkels en e-waste inleverpunten:<\/p>\n\n\n\n<ul><li><a href=\"https:\/\/www.repaircafe.org\/cafe\/repair-cafe-pijnacker-nootdorp\/\">Repair caf\u00e9 Nootdorp<\/a>, Kon. Julianastraat 1<\/li><li><a href=\"https:\/\/repaircafepijnacker.nl\/\">Repair caf\u00e9 Pijnacker<\/a>, De Schakelaar Mr.Dr. van den Helmlaan 11<\/li><li><a href=\"https:\/\/wisselbeker.nl\/\">Kringloopwinkel De Wisselbeker Nootdorp<\/a>, Molenweg 4<\/li><li><a href=\"https:\/\/www.terredeshommes.nl\/nl\/onze-winkels\/pijnacker\">Terre des Hommes Pijnacker<\/a>, Emmastraat 24<\/li><li><a href=\"https:\/\/allekringloopwinkels.nl\/zuid-holland\/den-haag\/rataplan-den-haag\">RataPlan Den Haag<\/a> (Ypenburg), Laan van Waalhaven 213a Den Haag<\/li><li><a href=\"https:\/\/www.delft.nl\/kringloopbedrijf\">Kringloopbedrijven in Delft<\/a><\/li><li><a href=\"https:\/\/allekringloopwinkels.nl\/zuid-holland\/rijswijk\">Kringloopbedrijven Rijswijk<\/a><\/li><li><a href=\"https:\/\/wecycle.nl\/\">E-waste inleverpunten<\/a><\/li><\/ul>\n","protected":false},"excerpt":{"rendered":"<p class=\"excerpt\">De milieustraat in Nootdorp is per 1 januari 2024 gesloten. Op deze pagina vind je alternatieven om je grofvuil en klein&#8230;<\/p>\n","protected":false},"author":16,"featured_media":0,"parent":0,"menu_order":0,"comment_status":"closed","ping_status":"closed","template":"","meta":[],"yoast_head":"<!-- This site is optimized with the Yoast SEO plugin v17.0 - https:\/\/yoast.com\/wordpress\/plugins\/seo\/ -->\n<title>Alternatief Nootdorp - Avalex<\/title>\n<meta name=\"description\" content=\"De milieustraat in Nootdorp sluit per 1 januari 2024. Op deze pagina vind je alternatieven om je grofvuil en klein chemisch afval (KCA) gescheiden aan te kunnen blijven bieden.\" \/>\n<meta name=\"robots\" content=\"index, follow, max-snippet:-1, max-image-preview:large, max-video-preview:-1\" \/>\n<link rel=\"canonical\" href=\"http:\/\/84.247.11.47\/avalex\/alternatief-nootdorp\/\" \/>\n<meta property=\"og:locale\" content=\"nl_NL\" \/>\n<meta property=\"og:type\" content=\"article\" \/>\n<meta property=\"og:title\" content=\"Alternatief Nootdorp - Avalex\" \/>\n<meta property=\"og:description\" content=\"De milieustraat in Nootdorp sluit per 1 januari 2024. Op deze pagina vind je alternatieven om je grofvuil en klein chemisch afval (KCA) gescheiden aan te kunnen blijven bieden.\" \/>\n<meta property=\"og:url\" content=\"http:\/\/84.247.11.47\/avalex\/alternatief-nootdorp\/\" \/>\n<meta property=\"og:site_name\" content=\"Avalex\" \/>\n<meta property=\"article:modified_time\" content=\"2024-05-28T06:37:07+00:00\" \/>\n<meta property=\"og:image\" content=\"http:\/\/84.247.11.47\/avalex\/\/wp-content\/uploads\/2023\/09\/Favoriet-1-1024x768.jpg\" \/>\n<meta name=\"twitter:card\" content=\"summary_large_image\" \/>\n<meta name=\"twitter:label1\" content=\"Geschatte leestijd\" \/>\n\t<meta name=\"twitter:data1\" content=\"5 minuten\" \/>\n<script type=\"application\/ld+json\" class=\"yoast-schema-graph\">{\"@context\":\"https:\/\/schema.org\",\"@graph\":[{\"@type\":\"Organization\",\"@id\":\"http:\/\/84.247.11.47\/avalex\/#organization\",\"name\":\"Avalex\",\"url\":\"http:\/\/84.247.11.47\/avalex\/\",\"sameAs\":[],\"logo\":{\"@type\":\"ImageObject\",\"@id\":\"http:\/\/84.247.11.47\/avalex\/#logo\",\"inLanguage\":\"nl\",\"url\":\"http:\/\/84.247.11.47\/avalex\/\/wp-content\/uploads\/2021\/09\/Avalex_logo_zonder-payoff_RGB_Outline_300-x-200.jpg\",\"contentUrl\":\"http:\/\/84.247.11.47\/avalex\/\/wp-content\/uploads\/2021\/09\/Avalex_logo_zonder-payoff_RGB_Outline_300-x-200.jpg\",\"width\":300,\"height\":200,\"caption\":\"Avalex\"},\"image\":{\"@id\":\"http:\/\/84.247.11.47\/avalex\/#logo\"}},{\"@type\":\"WebSite\",\"@id\":\"http:\/\/84.247.11.47\/avalex\/#website\",\"url\":\"http:\/\/84.247.11.47\/avalex\/\",\"name\":\"Avalex\",\"description\":\"Avalex staat voor effectieve, effici\\u00ebnte en klantgerichte uitvoering van de afvalverwijdering en overige reinigingsactiviteiten in opdracht van gemeenten en bedrijven in de regio.\",\"publisher\":{\"@id\":\"http:\/\/84.247.11.47\/avalex\/#organization\"},\"potentialAction\":[{\"@type\":\"SearchAction\",\"target\":{\"@type\":\"EntryPoint\",\"urlTemplate\":\"http:\/\/84.247.11.47\/avalex\/?s={search_term_string}\"},\"query-input\":\"required name=search_term_string\"}],\"inLanguage\":\"nl\"},{\"@type\":\"ImageObject\",\"@id\":\"http:\/\/84.247.11.47\/avalex\/alternatief-nootdorp\/#primaryimage\",\"inLanguage\":\"nl\",\"url\":\"http:\/\/84.247.11.47\/avalex\/\/wp-content\/uploads\/2023\/09\/Favoriet-1-1024x768.jpg\",\"contentUrl\":\"http:\/\/84.247.11.47\/avalex\/\/wp-content\/uploads\/2023\/09\/Favoriet-1-1024x768.jpg\"},{\"@type\":\"WebPage\",\"@id\":\"http:\/\/84.247.11.47\/avalex\/alternatief-nootdorp\/#webpage\",\"url\":\"http:\/\/84.247.11.47\/avalex\/alternatief-nootdorp\/\",\"name\":\"Alternatief Nootdorp - Avalex\",\"isPartOf\":{\"@id\":\"http:\/\/84.247.11.47\/avalex\/#website\"},\"primaryImageOfPage\":{\"@id\":\"http:\/\/84.247.11.47\/avalex\/alternatief-nootdorp\/#primaryimage\"},\"datePublished\":\"2023-09-08T09:02:43+00:00\",\"dateModified\":\"2024-05-28T06:37:07+00:00\",\"description\":\"De milieustraat in Nootdorp sluit per 1 januari 2024. Op deze pagina vind je alternatieven om je grofvuil en klein chemisch afval (KCA) gescheiden aan te kunnen blijven bieden.\",\"breadcrumb\":{\"@id\":\"http:\/\/84.247.11.47\/avalex\/alternatief-nootdorp\/#breadcrumb\"},\"inLanguage\":\"nl\",\"potentialAction\":[{\"@type\":\"ReadAction\",\"target\":[\"http:\/\/84.247.11.47\/avalex\/alternatief-nootdorp\/\"]}]},{\"@type\":\"BreadcrumbList\",\"@id\":\"http:\/\/84.247.11.47\/avalex\/alternatief-nootdorp\/#breadcrumb\",\"itemListElement\":[{\"@type\":\"ListItem\",\"position\":1,\"name\":\"Home\",\"item\":\"http:\/\/84.247.11.47\/avalex\/\"},{\"@type\":\"ListItem\",\"position\":2,\"name\":\"Alternatief Nootdorp\"}]}]}<\/script>\n<!-- \/ Yoast SEO plugin. -->","yoast_head_json":{"title":"Alternatief Nootdorp - Avalex","description":"De milieustraat in Nootdorp sluit per 1 januari 2024. Op deze pagina vind je alternatieven om je grofvuil en klein chemisch afval (KCA) gescheiden aan te kunnen blijven bieden.","robots":{"index":"index","follow":"follow","max-snippet":"max-snippet:-1","max-image-preview":"max-image-preview:large","max-video-preview":"max-video-preview:-1"},"canonical":"http:\/\/84.247.11.47\/avalex\/alternatief-nootdorp\/","og_locale":"nl_NL","og_type":"article","og_title":"Alternatief Nootdorp - Avalex","og_description":"De milieustraat in Nootdorp sluit per 1 januari 2024. Op deze pagina vind je alternatieven om je grofvuil en klein chemisch afval (KCA) gescheiden aan te kunnen blijven bieden.","og_url":"http:\/\/84.247.11.47\/avalex\/alternatief-nootdorp\/","og_site_name":"Avalex","article_modified_time":"2024-05-28T06:37:07+00:00","og_image":[{"url":"http:\/\/84.247.11.47\/avalex\/\/wp-content\/uploads\/2023\/09\/Favoriet-1-1024x768.jpg"}],"twitter_card":"summary_large_image","twitter_misc":{"Geschatte leestijd":"5 minuten"},"schema":{"@context":"https:\/\/schema.org","@graph":[{"@type":"Organization","@id":"http:\/\/84.247.11.47\/avalex\/#organization","name":"Avalex","url":"http:\/\/84.247.11.47\/avalex\/","sameAs":[],"logo":{"@type":"ImageObject","@id":"http:\/\/84.247.11.47\/avalex\/#logo","inLanguage":"nl","url":"http:\/\/84.247.11.47\/avalex\/\/wp-content\/uploads\/2021\/09\/Avalex_logo_zonder-payoff_RGB_Outline_300-x-200.jpg","contentUrl":"http:\/\/84.247.11.47\/avalex\/\/wp-content\/uploads\/2021\/09\/Avalex_logo_zonder-payoff_RGB_Outline_300-x-200.jpg","width":300,"height":200,"caption":"Avalex"},"image":{"@id":"http:\/\/84.247.11.47\/avalex\/#logo"}},{"@type":"WebSite","@id":"http:\/\/84.247.11.47\/avalex\/#website","url":"http:\/\/84.247.11.47\/avalex\/","name":"Avalex","description":"Avalex staat voor effectieve, effici\u00ebnte en klantgerichte uitvoering van de afvalverwijdering en overige reinigingsactiviteiten in opdracht van gemeenten en bedrijven in de regio.","publisher":{"@id":"http:\/\/84.247.11.47\/avalex\/#organization"},"potentialAction":[{"@type":"SearchAction","target":{"@type":"EntryPoint","urlTemplate":"http:\/\/84.247.11.47\/avalex\/?s={search_term_string}"},"query-input":"required name=search_term_string"}],"inLanguage":"nl"},{"@type":"ImageObject","@id":"http:\/\/84.247.11.47\/avalex\/alternatief-nootdorp\/#primaryimage","inLanguage":"nl","url":"http:\/\/84.247.11.47\/avalex\/\/wp-content\/uploads\/2023\/09\/Favoriet-1-1024x768.jpg","contentUrl":"http:\/\/84.247.11.47\/avalex\/\/wp-content\/uploads\/2023\/09\/Favoriet-1-1024x768.jpg"},{"@type":"WebPage","@id":"http:\/\/84.247.11.47\/avalex\/alternatief-nootdorp\/#webpage","url":"http:\/\/84.247.11.47\/avalex\/alternatief-nootdorp\/","name":"Alternatief Nootdorp - Avalex","isPartOf":{"@id":"http:\/\/84.247.11.47\/avalex\/#website"},"primaryImageOfPage":{"@id":"http:\/\/84.247.11.47\/avalex\/alternatief-nootdorp\/#primaryimage"},"datePublished":"2023-09-08T09:02:43+00:00","dateModified":"2024-05-28T06:37:07+00:00","description":"De milieustraat in Nootdorp sluit per 1 januari 2024. Op deze pagina vind je alternatieven om je grofvuil en klein chemisch afval (KCA) gescheiden aan te kunnen blijven bieden.","breadcrumb":{"@id":"http:\/\/84.247.11.47\/avalex\/alternatief-nootdorp\/#breadcrumb"},"inLanguage":"nl","potentialAction":[{"@type":"ReadAction","target":["http:\/\/84.247.11.47\/avalex\/alternatief-nootdorp\/"]}]},{"@type":"BreadcrumbList","@id":"http:\/\/84.247.11.47\/avalex\/alternatief-nootdorp\/#breadcrumb","itemListElement":[{"@type":"ListItem","position":1,"name":"Home","item":"http:\/\/84.247.11.47\/avalex\/"},{"@type":"ListItem","position":2,"name":"Alternatief Nootdorp"}]}]}},"_links":{"self":[{"href":"http:\/\/84.247.11.47\/avalex\/wp-json\/wp\/v2\/pages\/13218"}],"collection":[{"href":"http:\/\/84.247.11.47\/avalex\/wp-json\/wp\/v2\/pages"}],"about":[{"href":"http:\/\/84.247.11.47\/avalex\/wp-json\/wp\/v2\/types\/page"}],"author":[{"embeddable":true,"href":"http:\/\/84.247.11.47\/avalex\/wp-json\/wp\/v2\/users\/16"}],"replies":[{"embeddable":true,"href":"http:\/\/84.247.11.47\/avalex\/wp-json\/wp\/v2\/comments?post=13218"}],"version-history":[{"count":15,"href":"http:\/\/84.247.11.47\/avalex\/wp-json\/wp\/v2\/pages\/13218\/revisions"}],"predecessor-version":[{"id":13639,"href":"http:\/\/84.247.11.47\/avalex\/wp-json\/wp\/v2\/pages\/13218\/revisions\/13639"}],"wp:attachment":[{"href":"http:\/\/84.247.11.47\/avalex\/wp-json\/wp\/v2\/media?parent=13218"}],"curies":[{"name":"wp","href":"https:\/\/api.w.org\/{rel}","templated":true}]}}